{"id":223,"date":"2022-01-13T22:03:17","date_gmt":"2022-01-13T21:03:17","guid":{"rendered":"http:\/\/beide-welten.de\/?page_id=223"},"modified":"2022-01-25T15:22:34","modified_gmt":"2022-01-25T14:22:34","slug":"sap-beratung","status":"publish","type":"page","link":"https:\/\/beide-welten.de\/en\/sap-beratung\/","title":{"rendered":"Workshops"},"content":{"rendered":"<p>In gemeinsamen Workshops, zu zweit oder mit mehreren, beleuchten wir Dein aktuelles Leben. Wo stehst Du gerade, wo hakt es, wohin m\u00f6chtest Du Dich ver\u00e4ndern? Das Ziel ist ein nachhaltig gl\u00fcckliches Leben, unabh\u00e4ngig von \u00e4u\u00dferen Erwartungen. Wir beleuchten Deine\/eure Fragen und schauen uns aktuelle Glaubenss\u00e4tze an. <\/p>\n\n\n\n<p>Dieses Workshops sind so aufgebaut, dass Du sie gelegentlich wahrnimmst, f\u00fcr die Beleuchtung der Situationen, in denen Du Fragen hast oder Du einfach Unterst\u00fctzung suchst. Generell definieren wir gemeinsam Dein\/eure Ziel(e) und schauen, dass wir uns gemeinsam ann\u00e4hern. Voraussetzung daf\u00fcr ist einfach nur echte Motivation und ein Miteinander. Es gibt niemanden, der sich als Lehrer vorne hinstellt und andere langweilt, stattdessen echtes Interesse, Wohlwollen und  ein Miteinander auf Augenh\u00f6he. <\/p>\n\n\n\n<p>Wir sind alle Sch\u00f6pferwesen und manifestieren ununterbrochen. Das hei\u00dft alles, was wir im Au\u00dfen sehen, ist aus unserem aktuellen Danken, F\u00fchlen, und Handeln entstanden. Es spiegelt unsere aktuelle innere Welt. Derzeit manifestieren sehr viele Menschen unbewusst eine Welt, in der sie im Prinzip selbst nicht leben wollen. Wer will schon in Zwang und Kontrolle leben? Jeder Mensch ist von sich aus stark genug sich um sich um sich selbst zu k\u00fcmmern. Wir brauchen niemanden, der uns sagt was wir zu tun und zu lassen haben, sofern wir immer das Wohle aller im Blick haben. Leider sehen das noch nicht alle so.<\/p>\n\n\n\n<p>Nun, wie k\u00f6nnen wir das, was wir unbewusst manifestieren, aber gar nicht erleben m\u00f6chten, ver\u00e4ndern?<\/p>\n\n\n\n<p>Wenn wir derzeit etwas anderes manifestiert haben als wir eigentlich erleben m\u00f6chten und uns das bewusst wird, ist das der erste wichtige Schritt \u2013 wir nehmen an was ist. Dann ist es wichtig sich anzuschauen was ist und  zu untersuchen was es f\u00fcr Glaubenss\u00e4tze und Denkweisen sind und woher sie kommen. Sind es unsere eigenen Themen? Oder haben wir vielleicht Glaubenss\u00e4tze unserer Eltern \u00fcbernommen? Wissen wir, warum wir immer wieder dieselben Situationen oder Menschen in unser Leben ziehen?<\/p>\n\n\n\n<p>Wenn es uns bewusst wird, woher diese Programmierungen kommen, brauchen wir Tools, um dies entsprechend zu \u00e4ndern, umzuprogrammieren, wie beispielsweise Tageb\u00fccher, Affirmationen, Energiearbeit, Arbeiten mit dem Quantenfeld, Gespr\u00e4che, Seminare und vieles mehr. Mit der Zeit werden alle Programmierungen sichtbar. Das Sch\u00f6ne ist, je motivierter Du bist, desto mehr wirst Du mit Informationen \u00fcberh\u00e4uft werden. Auf eine ganz neue Art und Weise. So ging es mir.  Fast t\u00e4glich wurden, genau auf meine Bed\u00fcrfnisse zugeschnittene, kostenlose Videos von Joe Dispenza, Greg Braden, Kurt Tepperwein, Eckhart Tolle und vielen mehr vorgeschlagen. Das Universum ist in jedem Moment zugegen und wei\u00df genau was Du jetzt brauchst zu weiter zu kommen.   <\/p>\n\n\n\n<p>Wir sind multidimensionale Wesen und vieles kann unsere Realit\u00e4t beeinflussen. Wenn Du Deine Emotionen ins Tagesbewusstsein holst, um sie zu sehen und zu f\u00fchlen, kannst Du sie irgendwann loszulassen. So wird sich entsprechend Deine \u00e4u\u00dfere Realit\u00e4t ver\u00e4ndern. Schreibe deine Visionen, Affirmationen und Gedanken auf. <\/p>\n\n\n\n<p>That brings with it a lot of personal responsibility. If you're stuck and feel like you're going in circles, get support from people who have already solved these issues and can help you. Always listen to your intuition. <\/p>\n\n\n\n<p>Manifestieren ist Dein Wesenszug und geh\u00f6rt ganz nat\u00fcrlich zu Dir. Wenn Du alle veralteten Programmierungen losl\u00f6st und Dich erfolgreich umprogrammiert hast, wirst Du den Unterschied bemerken und Deine \u00e4u\u00dfere Realit\u00e4t passt sich entsprechend an. Das ist ein Naturgesetz des Universums.<br><br>Erw\u00e4hnt werden sollte hier noch, dass sich, nach getaner Arbeit und Schwingungsver\u00e4nderung, Deine W\u00fcnsche sich oftmals entweder aufl\u00f6sen oder stark ver\u00e4ndern. W\u00e4hrend Du Dir beispielsweise zu Beginn Deines Weges noch einen Lottogewinn gew\u00fcnscht hast, wird Dir mit gestiegenem Bewusstsein und Frequenz klar, dass es nicht das Geld oder andere materielle Dinge sind, die Dich gl\u00fccklich machen.  Es ist vielmehr das innere Wissen, dass Du bereits alles bist und somit alles hast, es geschieht ganz automatisch. Es ist dann unausweichlich, dass Dein Leben entsprechend Deines inneren Wissens verl\u00e4uft. Das Universum ist die pure F\u00fclle und Du bist es auch. <\/p>\n\n\n\n<p><br><\/p>\n\n\n\n<p><br><\/p>","protected":false},"excerpt":{"rendered":"<p>In gemeinsamen Workshops, zu zweit oder mit mehreren, beleuchten wir Dein aktuelles Leben. Wo stehst Du gerade, wo hakt es, wohin m\u00f6chtest Du Dich ver\u00e4ndern? Das Ziel ist ein nachhaltig gl\u00fcckliches Leben, unabh\u00e4ngig von \u00e4u\u00dferen Erwartungen. Wir beleuchten Deine\/eure Fragen und schauen uns aktuelle Glaubenss\u00e4tze an. Dieses Workshops sind so aufgebaut, dass Du sie gelegentlich [&hellip;]<\/p>\n","protected":false},"author":1,"featured_media":0,"parent":0,"menu_order":0,"comment_status":"closed","ping_status":"closed","template":"","meta":{"_uag_custom_page_level_css":"","site-sidebar-layout":"default","site-content-layout":"","ast-site-content-layout":"default","site-content-style":"default","site-sidebar-style":"default","ast-global-header-display":"","ast-banner-title-visibility":"","ast-main-header-display":"","ast-hfb-above-header-display":"","ast-hfb-below-header-display":"","ast-hfb-mobile-header-display":"","site-post-title":"","ast-breadcrumbs-content":"","ast-featured-img":"","footer-sml-layout":"","ast-disable-related-posts":"","theme-transparent-header-meta":"","adv-header-id-meta":"","stick-header-meta":"","header-above-stick-meta":"","header-main-stick-meta":"","header-below-stick-meta":"","astra-migrate-meta-layouts":"default","ast-page-background-enabled":"default","ast-page-background-meta":{"desktop":{"background-color":"var(--ast-global-color-4)","background-image":"","background-repeat":"repeat","background-position":"center center","background-size":"auto","background-attachment":"scroll","background-type":"","background-media":"","overlay-type":"","overlay-color":"","overlay-opacity":"","overlay-gradient":""},"tablet":{"background-color":"","background-image":"","background-repeat":"repeat","background-position":"center center","background-size":"auto","background-attachment":"scroll","background-type":"","background-media":"","overlay-type":"","overlay-color":"","overlay-opacity":"","overlay-gradient":""},"mobile":{"background-color":"","background-image":"","background-repeat":"repeat","background-position":"center center","background-size":"auto","background-attachment":"scroll","background-type":"","background-media":"","overlay-type":"","overlay-color":"","overlay-opacity":"","overlay-gradient":""}},"ast-content-background-meta":{"desktop":{"background-color":"var(--ast-global-color-5)","background-image":"","background-repeat":"repeat","background-position":"center center","background-size":"auto","background-attachment":"scroll","background-type":"","background-media":"","overlay-type":"","overlay-color":"","overlay-opacity":"","overlay-gradient":""},"tablet":{"background-color":"var(--ast-global-color-5)","background-image":"","background-repeat":"repeat","background-position":"center center","background-size":"auto","background-attachment":"scroll","background-type":"","background-media":"","overlay-type":"","overlay-color":"","overlay-opacity":"","overlay-gradient":""},"mobile":{"background-color":"var(--ast-global-color-5)","background-image":"","background-repeat":"repeat","background-position":"center center","background-size":"auto","background-attachment":"scroll","background-type":"","background-media":"","overlay-type":"","overlay-color":"","overlay-opacity":"","overlay-gradient":""}},"footnotes":""},"class_list":["post-223","page","type-page","status-publish","hentry"],"uagb_featured_image_src":{"full":false,"thumbnail":false,"medium":false,"medium_large":false,"large":false,"1536x1536":false,"2048x2048":false,"trp-custom-language-flag":false},"uagb_author_info":{"display_name":"admin","author_link":"https:\/\/beide-welten.de\/en\/author\/admin\/"},"uagb_comment_info":0,"uagb_excerpt":"In gemeinsamen Workshops, zu zweit oder mit mehreren, beleuchten wir Dein aktuelles Leben. Wo stehst Du gerade, wo hakt es, wohin m\u00f6chtest Du Dich ver\u00e4ndern? Das Ziel ist ein nachhaltig gl\u00fcckliches Leben, unabh\u00e4ngig von \u00e4u\u00dferen Erwartungen. Wir beleuchten Deine\/eure Fragen und schauen uns aktuelle Glaubenss\u00e4tze an. Dieses Workshops sind so aufgebaut, dass Du sie gelegentlich&hellip;","_links":{"self":[{"href":"https:\/\/beide-welten.de\/en\/wp-json\/wp\/v2\/pages\/223","targetHints":{"allow":["GET"]}}],"collection":[{"href":"https:\/\/beide-welten.de\/en\/wp-json\/wp\/v2\/pages"}],"about":[{"href":"https:\/\/beide-welten.de\/en\/wp-json\/wp\/v2\/types\/page"}],"author":[{"embeddable":true,"href":"https:\/\/beide-welten.de\/en\/wp-json\/wp\/v2\/users\/1"}],"replies":[{"embeddable":true,"href":"https:\/\/beide-welten.de\/en\/wp-json\/wp\/v2\/comments?post=223"}],"version-history":[{"count":29,"href":"https:\/\/beide-welten.de\/en\/wp-json\/wp\/v2\/pages\/223\/revisions"}],"predecessor-version":[{"id":822,"href":"https:\/\/beide-welten.de\/en\/wp-json\/wp\/v2\/pages\/223\/revisions\/822"}],"wp:attachment":[{"href":"https:\/\/beide-welten.de\/en\/wp-json\/wp\/v2\/media?parent=223"}],"curies":[{"name":"wp","href":"https:\/\/api.w.org\/{rel}","templated":true}]}}