{"id":66,"date":"2022-01-10T17:07:44","date_gmt":"2022-01-10T16:07:44","guid":{"rendered":"http:\/\/beide-welten.de\/?page_id=66"},"modified":"2025-03-24T22:08:02","modified_gmt":"2025-03-24T21:08:02","slug":"leben-in-beiden-welten","status":"publish","type":"page","link":"https:\/\/beide-welten.de\/en\/leben-in-beiden-welten\/","title":{"rendered":"Living in both worlds"},"content":{"rendered":"<div class=\"inherit-container-width wp-block-group alignwide is-layout-constrained wp-block-group-is-layout-constrained\">\n<figure class=\"wp-block-image size-full\"><img loading=\"lazy\" decoding=\"async\" width=\"840\" height=\"441\" src=\"https:\/\/beide-welten.de\/wp-content\/uploads\/2022\/01\/cropped-Licht-und-Schatten.jpg\" alt=\"Bild mit Text: &quot;Wer zugleich seinen Schatten und sein Licht wahrnimmt, sieht sich von zwei Seiten und damit kommt er in die Mitte.&quot; Von Carl Gustav Jung\" class=\"wp-image-383\" srcset=\"https:\/\/beide-welten.de\/wp-content\/uploads\/2022\/01\/cropped-Licht-und-Schatten.jpg 840w, https:\/\/beide-welten.de\/wp-content\/uploads\/2022\/01\/cropped-Licht-und-Schatten-18x9.jpg 18w, https:\/\/beide-welten.de\/wp-content\/uploads\/2022\/01\/cropped-Licht-und-Schatten-300x158.jpg 300w, https:\/\/beide-welten.de\/wp-content\/uploads\/2022\/01\/cropped-Licht-und-Schatten-768x403.jpg 768w\" sizes=\"auto, (max-width: 840px) 100vw, 840px\" \/><\/figure>\n\n\n\n<h2 class=\"wp-block-heading\" id=\"worum-geht-es\"><strong>What is it all about?<\/strong><\/h2>\n\n\n\n<p class=\"has-text-align-center has-medium-font-size\"><a href=\"http:\/\/beide-welten.de\/en\/leben-in-beiden-welten\/\">Ein Blick in die Welt gen\u00fcgt um zu wissen dass vieles urspr\u00fcnglich so nicht gedacht sein kann. <\/a><br><a href=\"http:\/\/beide-welten.de\/en\/leben-in-beiden-welten\/\">Wenn aber 2\/3 der menschlichen Natur relativ egal sind, hat das negative Auswirkungen, die auf die Menschheit irgendwann zur\u00fcckkommen. \u00c4hnlich wie die absurde Unterteilung in Haus- und Nutztiere. <\/a><\/p>\n\n\n\n<p><\/p>\n\n\n\n<p class=\"has-text-align-center has-medium-font-size\"><a href=\"http:\/\/beide-welten.de\/en\/leben-in-beiden-welten\/\">Auch in Zeiten von hoch entwickelter k\u00fcnstlicher Intelligenz kann man beginnen sich mit seiner eigenen Natur zu besch\u00e4ftigen. Wer im K\u00f6rperbewusstsein verbleiben m\u00f6chte, wird sich vielleicht eines Tages wundern, dass der Algorithmus \u00fcber seinen K\u00f6rper besser Bescheid wei\u00df als er selbst. <\/a><br><br>Hast Du Dich schon mal gefragt warum Du hier auf der Erde bist, wer Du wirklich bist, welchen Sinn das alles macht? Oder Du damit beginnen m\u00f6chtest?<\/p>\n\n\n\n<p>Your inner light is unconditional love, true joy, infinite abundance and lasting peace. Both Worlds is about integrating your inner light into your own life. Your light shows you that there is always a way. <\/p>\n\n\n\n<p class=\"has-text-align-center has-medium-font-size\">Deine wahre Natur ist bedingungslose Liebe, Freude und Gl\u00fcckseligkeit, F\u00fclle und Frieden. <\/p>\n\n\n\n<p class=\"has-text-align-center has-medium-font-size\">Ich habe selbst lange als Person gelebt, hei\u00dft vor allem f\u00fcrs Au\u00dfen passend, innen unvollst\u00e4ndig gl\u00fccklich.<\/p>\n<\/div>\n\n\n\n<p class=\"has-text-align-center has-medium-font-size\">Die Person ist die auf das Ego reduzierte Maske seiner wahren Natur.<br>Der Mensch hingegen<em> lebt<\/em> was er eh an Board hat: Seine Natur aus K\u00f6rper, Geist und Seele.<\/p>\n\n\n\n<h1 class=\"wp-block-heading has-text-align-center has-medium-font-size\" id=\"deine-wahre-natur-ist-bedingungslose-liebe-pure-freude-und-gluckseligkeit\">Das allein gelassene Ego kann viel zerst\u00f6ren, ein realistischer Blick in die Welt gen\u00fcgt. <\/h1>\n\n\n\n<p class=\"has-text-align-center\"><br>\u00c4u\u00dferer Reichtum sagt wenig \u00fcber inneren Reichtum aus.<br><br>Hier geht es um die Verbindung beider Welten, also au\u00dfen und innen. Wodurch Einklang entsteht. <br><br>Wenn eine Welt weitestgehend ignoriert wird, was \u00fcberwiegend der Fall ist, kann dieser Einklang nicht entstehen.<\/p>\n\n\n\n<p><\/p>\n\n\n\n<div style=\"height:20px\" aria-hidden=\"true\" class=\"wp-block-spacer\"><\/div>\n\n\n\n<h2 class=\"wp-block-heading\" id=\"angebote\"><\/h2>","protected":false},"excerpt":{"rendered":"<p>Worum geht es? Ein Blick in die Welt gen\u00fcgt um zu wissen dass vieles urspr\u00fcnglich so nicht gedacht sein kann. Wenn aber 2\/3 der menschlichen Natur relativ egal sind, hat das negative Auswirkungen, die auf die Menschheit irgendwann zur\u00fcckkommen. \u00c4hnlich wie die absurde Unterteilung in Haus- und Nutztiere. Auch in Zeiten von hoch entwickelter k\u00fcnstlicher [&hellip;]<\/p>\n","protected":false},"author":1,"featured_media":0,"parent":0,"menu_order":0,"comment_status":"closed","ping_status":"closed","template":"","meta":{"_uag_custom_page_level_css":"","site-sidebar-layout":"default","site-content-layout":"","ast-site-content-layout":"default","site-content-style":"default","site-sidebar-style":"default","ast-global-header-display":"","ast-banner-title-visibility":"","ast-main-header-display":"","ast-hfb-above-header-display":"","ast-hfb-below-header-display":"","ast-hfb-mobile-header-display":"","site-post-title":"disabled","ast-breadcrumbs-content":"","ast-featured-img":"","footer-sml-layout":"","ast-disable-related-posts":"","theme-transparent-header-meta":"","adv-header-id-meta":"","stick-header-meta":"","header-above-stick-meta":"","header-main-stick-meta":"","header-below-stick-meta":"","astra-migrate-meta-layouts":"set","ast-page-background-enabled":"default","ast-page-background-meta":{"desktop":{"background-color":"var(--ast-global-color-4)","background-image":"","background-repeat":"repeat","background-position":"center center","background-size":"auto","background-attachment":"scroll","background-type":"","background-media":"","overlay-type":"","overlay-color":"","overlay-opacity":"","overlay-gradient":""},"tablet":{"background-color":"","background-image":"","background-repeat":"repeat","background-position":"center center","background-size":"auto","background-attachment":"scroll","background-type":"","background-media":"","overlay-type":"","overlay-color":"","overlay-opacity":"","overlay-gradient":""},"mobile":{"background-color":"","background-image":"","background-repeat":"repeat","background-position":"center center","background-size":"auto","background-attachment":"scroll","background-type":"","background-media":"","overlay-type":"","overlay-color":"","overlay-opacity":"","overlay-gradient":""}},"ast-content-background-meta":{"desktop":{"background-color":"var(--ast-global-color-5)","background-image":"","background-repeat":"repeat","background-position":"center center","background-size":"auto","background-attachment":"scroll","background-type":"","background-media":"","overlay-type":"","overlay-color":"","overlay-opacity":"","overlay-gradient":""},"tablet":{"background-color":"var(--ast-global-color-5)","background-image":"","background-repeat":"repeat","background-position":"center center","background-size":"auto","background-attachment":"scroll","background-type":"","background-media":"","overlay-type":"","overlay-color":"","overlay-opacity":"","overlay-gradient":""},"mobile":{"background-color":"var(--ast-global-color-5)","background-image":"","background-repeat":"repeat","background-position":"center center","background-size":"auto","background-attachment":"scroll","background-type":"","background-media":"","overlay-type":"","overlay-color":"","overlay-opacity":"","overlay-gradient":""}},"footnotes":""},"class_list":["post-66","page","type-page","status-publish","hentry"],"uagb_featured_image_src":{"full":false,"thumbnail":false,"medium":false,"medium_large":false,"large":false,"1536x1536":false,"2048x2048":false,"trp-custom-language-flag":false},"uagb_author_info":{"display_name":"admin","author_link":"https:\/\/beide-welten.de\/en\/author\/admin\/"},"uagb_comment_info":0,"uagb_excerpt":"Worum geht es? Ein Blick in die Welt gen\u00fcgt um zu wissen dass vieles urspr\u00fcnglich so nicht gedacht sein kann. Wenn aber 2\/3 der menschlichen Natur relativ egal sind, hat das negative Auswirkungen, die auf die Menschheit irgendwann zur\u00fcckkommen. \u00c4hnlich wie die absurde Unterteilung in Haus- und Nutztiere. Auch in Zeiten von hoch entwickelter k\u00fcnstlicher&hellip;","_links":{"self":[{"href":"https:\/\/beide-welten.de\/en\/wp-json\/wp\/v2\/pages\/66","targetHints":{"allow":["GET"]}}],"collection":[{"href":"https:\/\/beide-welten.de\/en\/wp-json\/wp\/v2\/pages"}],"about":[{"href":"https:\/\/beide-welten.de\/en\/wp-json\/wp\/v2\/types\/page"}],"author":[{"embeddable":true,"href":"https:\/\/beide-welten.de\/en\/wp-json\/wp\/v2\/users\/1"}],"replies":[{"embeddable":true,"href":"https:\/\/beide-welten.de\/en\/wp-json\/wp\/v2\/comments?post=66"}],"version-history":[{"count":127,"href":"https:\/\/beide-welten.de\/en\/wp-json\/wp\/v2\/pages\/66\/revisions"}],"predecessor-version":[{"id":1537,"href":"https:\/\/beide-welten.de\/en\/wp-json\/wp\/v2\/pages\/66\/revisions\/1537"}],"wp:attachment":[{"href":"https:\/\/beide-welten.de\/en\/wp-json\/wp\/v2\/media?parent=66"}],"curies":[{"name":"wp","href":"https:\/\/api.w.org\/{rel}","templated":true}]}}