{"id":67,"date":"2022-01-10T17:07:44","date_gmt":"2022-01-10T16:07:44","guid":{"rendered":"http:\/\/beide-welten.de\/?page_id=67"},"modified":"2025-03-24T13:05:49","modified_gmt":"2025-03-24T12:05:49","slug":"ueber-mich","status":"publish","type":"page","link":"https:\/\/beide-welten.de\/en\/ueber-mich\/","title":{"rendered":"About me"},"content":{"rendered":"<figure class=\"wp-block-image alignleft size-large is-resized is-style-default\"><img loading=\"lazy\" decoding=\"async\" width=\"819\" height=\"1024\" src=\"https:\/\/beide-welten.de\/wp-content\/uploads\/2022\/01\/Susanne-Berges-819x1024.jpeg\" alt=\"Susanne Berges, die Gr\u00fcnderin von Beide Welten\" class=\"wp-image-250\" style=\"width:148px;height:auto\" srcset=\"https:\/\/beide-welten.de\/wp-content\/uploads\/2022\/01\/Susanne-Berges-819x1024.jpeg 819w, https:\/\/beide-welten.de\/wp-content\/uploads\/2022\/01\/Susanne-Berges-1229x1536.jpeg 1229w, https:\/\/beide-welten.de\/wp-content\/uploads\/2022\/01\/Susanne-Berges-10x12.jpeg 10w, https:\/\/beide-welten.de\/wp-content\/uploads\/2022\/01\/Susanne-Berges-240x300.jpeg 240w, https:\/\/beide-welten.de\/wp-content\/uploads\/2022\/01\/Susanne-Berges-768x960.jpeg 768w, https:\/\/beide-welten.de\/wp-content\/uploads\/2022\/01\/Susanne-Berges.jpeg 1288w\" sizes=\"auto, (max-width: 819px) 100vw, 819px\" \/><\/figure>\n\n\n\n<p>Hello!<\/p>\n\n\n\n<p>In my first job I trained as a druggist, was a department manager at a drugstore and then trained as a business IT specialist. From 1998 to 2019 I was a freelance SAP developer and consultant in international SAP projects and have a <a href=\"https:\/\/beide-welten.de\/en\/sap-projekte\/\">SAP consultancy<\/a> co-founded. I am a mother of 2 daughters and divorced. <\/p>\n\n\n\n<p class=\"wp-elements-244b62e1c7d523002e9f1361fd1fd852\" id=\"-\">Bis 2018 war ich im &#8222;normalen&#8220; Hamsterrad mit zu vielen ToDo&#8217;s und habe mich oft gefragt was ich da eigentlich mache. Gl\u00fccklichsein stellte sich nicht dauerhaft ein und kurz vorm Burn-out wurde mir klar dass wahre und nachhaltige Freude nicht im Au\u00dfen zu finden ist. <\/p>\n\n\n\n<p class=\"wp-elements-1652a102011ebac6aa32f6bf088bc1c6\" id=\"-\">Meine innere Reise begann 2018 in einem buddhistischen Kloster. Ich habe Kurse zur inneren Weiterentwicklung besucht und viel meditiert. Seitdem hat sich mein Leben auf den Kopf gestellt, ich lebe komplett anders als fr\u00fcher. Mti einer deutlich gr\u00f6\u00dferen Gelassenheit in praktisch allen Themen des allt\u00e4glichen Lebens.<\/p>\n\n\n\n<p>All the best,<br>Susanne<\/p>\n\n\n\n<div style=\"height:20px\" aria-hidden=\"true\" class=\"wp-block-spacer\"><\/div>\n\n\n\n<div class=\"wp-block-cover alignwide\" style=\"min-height:485px;aspect-ratio:unset;\"><span aria-hidden=\"true\" class=\"wp-block-cover__background has-background-dim-80 has-background-dim\"><\/span><img loading=\"lazy\" decoding=\"async\" width=\"1024\" height=\"735\" class=\"wp-block-cover__image-background wp-image-270\" alt=\"\" src=\"https:\/\/beide-welten.de\/wp-content\/uploads\/2022\/01\/susanne-berges-aura-foto-1024x735.png\" style=\"object-position:46% 25%\" data-object-fit=\"cover\" data-object-position=\"46% 25%\" srcset=\"https:\/\/beide-welten.de\/wp-content\/uploads\/2022\/01\/susanne-berges-aura-foto-1024x735.png 1024w, https:\/\/beide-welten.de\/wp-content\/uploads\/2022\/01\/susanne-berges-aura-foto-18x12.png 18w, https:\/\/beide-welten.de\/wp-content\/uploads\/2022\/01\/susanne-berges-aura-foto-300x215.png 300w, https:\/\/beide-welten.de\/wp-content\/uploads\/2022\/01\/susanne-berges-aura-foto-768x551.png 768w, https:\/\/beide-welten.de\/wp-content\/uploads\/2022\/01\/susanne-berges-aura-foto.png 1263w\" sizes=\"auto, (max-width: 1024px) 100vw, 1024px\" \/><div class=\"wp-block-cover__inner-container is-layout-flow wp-block-cover-is-layout-flow\">\n<h2 class=\"wp-block-heading has-text-align-left\" id=\"uber-susanne-und-enna\">Die Aura<\/h2>\n\n\n\n<div class=\"wp-block-media-text alignwide is-stacked-on-mobile is-vertically-aligned-center\" style=\"grid-template-columns:30% auto\"><figure class=\"wp-block-media-text__media\"><img loading=\"lazy\" decoding=\"async\" width=\"467\" height=\"445\" src=\"https:\/\/beide-welten.de\/wp-content\/uploads\/2022\/01\/Bildschirmfoto-2022-01-03-um-18.38.47.png\" alt=\"\" class=\"wp-image-275 size-full\" srcset=\"https:\/\/beide-welten.de\/wp-content\/uploads\/2022\/01\/Bildschirmfoto-2022-01-03-um-18.38.47.png 467w, https:\/\/beide-welten.de\/wp-content\/uploads\/2022\/01\/Bildschirmfoto-2022-01-03-um-18.38.47-13x12.png 13w, https:\/\/beide-welten.de\/wp-content\/uploads\/2022\/01\/Bildschirmfoto-2022-01-03-um-18.38.47-300x286.png 300w\" sizes=\"auto, (max-width: 467px) 100vw, 467px\" \/><\/figure><div class=\"wp-block-media-text__content\">\n<p>Das Aura Foto veranschaulicht wie viel mehr wir sind. Um den kleinen Teil in der Mitte befindet sich der feinstoffliche Teil (gelb).<\/p>\n<\/div><\/div>\n<\/div><\/div>","protected":false},"excerpt":{"rendered":"<p>Hallo! Im ersten Beruf habe ich Drogistin gelernt, war Abteilungsleiterin einer Drogerie und hab mich danach zur Wirtschaftsinformatikerin weiter gebildet. 1998 bis 2019 war ich freiberufliche SAP-Entwicklerin und -Beraterin in internationalen SAP-Projekten und habe eine SAP-Beratung mitgegr\u00fcndet. Ich bin Mutter von 2 T\u00f6chtern und geschieden. Bis 2018 war ich im &#8222;normalen&#8220; Hamsterrad mit zu vielen [&hellip;]<\/p>\n","protected":false},"author":1,"featured_media":0,"parent":0,"menu_order":0,"comment_status":"closed","ping_status":"closed","template":"","meta":{"_uag_custom_page_level_css":"","site-sidebar-layout":"default","site-content-layout":"","ast-site-content-layout":"default","site-content-style":"default","site-sidebar-style":"default","ast-global-header-display":"","ast-banner-title-visibility":"","ast-main-header-display":"","ast-hfb-above-header-display":"","ast-hfb-below-header-display":"","ast-hfb-mobile-header-display":"","site-post-title":"","ast-breadcrumbs-content":"","ast-featured-img":"","footer-sml-layout":"","ast-disable-related-posts":"","theme-transparent-header-meta":"","adv-header-id-meta":"","stick-header-meta":"","header-above-stick-meta":"","header-main-stick-meta":"","header-below-stick-meta":"","astra-migrate-meta-layouts":"set","ast-page-background-enabled":"default","ast-page-background-meta":{"desktop":{"background-color":"var(--ast-global-color-4)","background-image":"","background-repeat":"repeat","background-position":"center center","background-size":"auto","background-attachment":"scroll","background-type":"","background-media":"","overlay-type":"","overlay-color":"","overlay-opacity":"","overlay-gradient":""},"tablet":{"background-color":"","background-image":"","background-repeat":"repeat","background-position":"center center","background-size":"auto","background-attachment":"scroll","background-type":"","background-media":"","overlay-type":"","overlay-color":"","overlay-opacity":"","overlay-gradient":""},"mobile":{"background-color":"","background-image":"","background-repeat":"repeat","background-position":"center center","background-size":"auto","background-attachment":"scroll","background-type":"","background-media":"","overlay-type":"","overlay-color":"","overlay-opacity":"","overlay-gradient":""}},"ast-content-background-meta":{"desktop":{"background-color":"var(--ast-global-color-5)","background-image":"","background-repeat":"repeat","background-position":"center center","background-size":"auto","background-attachment":"scroll","background-type":"","background-media":"","overlay-type":"","overlay-color":"","overlay-opacity":"","overlay-gradient":""},"tablet":{"background-color":"var(--ast-global-color-5)","background-image":"","background-repeat":"repeat","background-position":"center center","background-size":"auto","background-attachment":"scroll","background-type":"","background-media":"","overlay-type":"","overlay-color":"","overlay-opacity":"","overlay-gradient":""},"mobile":{"background-color":"var(--ast-global-color-5)","background-image":"","background-repeat":"repeat","background-position":"center center","background-size":"auto","background-attachment":"scroll","background-type":"","background-media":"","overlay-type":"","overlay-color":"","overlay-opacity":"","overlay-gradient":""}},"footnotes":""},"class_list":["post-67","page","type-page","status-publish","hentry"],"uagb_featured_image_src":{"full":false,"thumbnail":false,"medium":false,"medium_large":false,"large":false,"1536x1536":false,"2048x2048":false,"trp-custom-language-flag":false},"uagb_author_info":{"display_name":"admin","author_link":"https:\/\/beide-welten.de\/en\/author\/admin\/"},"uagb_comment_info":0,"uagb_excerpt":"Hallo! Im ersten Beruf habe ich Drogistin gelernt, war Abteilungsleiterin einer Drogerie und hab mich danach zur Wirtschaftsinformatikerin weiter gebildet. 1998 bis 2019 war ich freiberufliche SAP-Entwicklerin und -Beraterin in internationalen SAP-Projekten und habe eine SAP-Beratung mitgegr\u00fcndet. Ich bin Mutter von 2 T\u00f6chtern und geschieden. Bis 2018 war ich im &#8222;normalen&#8220; Hamsterrad mit zu vielen&hellip;","_links":{"self":[{"href":"https:\/\/beide-welten.de\/en\/wp-json\/wp\/v2\/pages\/67","targetHints":{"allow":["GET"]}}],"collection":[{"href":"https:\/\/beide-welten.de\/en\/wp-json\/wp\/v2\/pages"}],"about":[{"href":"https:\/\/beide-welten.de\/en\/wp-json\/wp\/v2\/types\/page"}],"author":[{"embeddable":true,"href":"https:\/\/beide-welten.de\/en\/wp-json\/wp\/v2\/users\/1"}],"replies":[{"embeddable":true,"href":"https:\/\/beide-welten.de\/en\/wp-json\/wp\/v2\/comments?post=67"}],"version-history":[{"count":145,"href":"https:\/\/beide-welten.de\/en\/wp-json\/wp\/v2\/pages\/67\/revisions"}],"predecessor-version":[{"id":1486,"href":"https:\/\/beide-welten.de\/en\/wp-json\/wp\/v2\/pages\/67\/revisions\/1486"}],"wp:attachment":[{"href":"https:\/\/beide-welten.de\/en\/wp-json\/wp\/v2\/media?parent=67"}],"curies":[{"name":"wp","href":"https:\/\/api.w.org\/{rel}","templated":true}]}}