{"id":68,"date":"2022-01-10T17:07:44","date_gmt":"2022-01-10T16:07:44","guid":{"rendered":"http:\/\/beide-welten.de\/?page_id=68"},"modified":"2025-03-24T22:09:26","modified_gmt":"2025-03-24T21:09:26","slug":"sap-projekte","status":"publish","type":"page","link":"https:\/\/beide-welten.de\/en\/sap-projekte\/","title":{"rendered":"SAP projects"},"content":{"rendered":"<p>Nach 20 Jahren eigener Beratungst\u00e4tigkeit und selbst organisiserter Projektunterst\u00fctzung mit erfahrenen Kollegen habe ich beides im Jahre 2019 aufgegeben. F\u00fcr die gemachten Erfahrungen und die vielen menschlichen und teilweise andauernden Kontakte bin ich sehr dankbar. Vielen Dank an der Stelle an alljene, die mir auf diesem Weg begegnet sind und den Orten die sich aufgrund der globalen Ausrichtung ergeben haben.<\/p>\n\n\n\n<p>Mir geht es nicht darum ein neues Gesch\u00e4ftsmodell aufzubauen. Es geht um die Unterst\u00fctzung des Alltagsbewusstseins der Menschen. In meiner SAP-Zeit war das Alltagsbewusstseins bei mir \u00e4hnlich niedrig wie das heutige Kollektivbewusstsein. Zun\u00e4chst mal rein existenzielle Angst, ich muss etwas machen, damit ich genug bin, genug habe und so weiter.. Das h\u00e4lt einen besch\u00e4ftigt. Wir sind aber nicht hierher gekommen um tagt\u00e4glich etwas zu machen, damit man m\u00f6glichst gut \u00fcber die Runden kommt oder vergleichsweise gut dasteht. Wir sind hier um Liebe und Mitgef\u00fchl mit allem was ist, einschlie\u00dflich sich selbst, zu lernen und zu leben. Meine Meinung. <\/p>\n\n\n\n<p>Meine heutigen Angebote sind kostenlos oder auf Energieausgleichsbasis. Die Form der GmbH ist historisch aus der SAP-Zeit begr\u00fcndet. <\/p>\n\n\n\n<div class=\"wp-block-buttons alignwide is-layout-flex wp-block-buttons-is-layout-flex\">\n<div class=\"wp-block-button\"><a class=\"wp-block-button__link wp-element-button\" href=\"mailto:mail@beide-welten.de\">write email<\/a><\/div>\n<\/div>\n\n\n\n<p><\/p>","protected":false},"excerpt":{"rendered":"<p>Nach 20 Jahren eigener Beratungst\u00e4tigkeit und selbst organisiserter Projektunterst\u00fctzung mit erfahrenen Kollegen habe ich beides im Jahre 2019 aufgegeben. F\u00fcr die gemachten Erfahrungen und die vielen menschlichen und teilweise andauernden Kontakte bin ich sehr dankbar. Vielen Dank an der Stelle an alljene, die mir auf diesem Weg begegnet sind und den Orten die sich aufgrund [&hellip;]<\/p>\n","protected":false},"author":1,"featured_media":377,"parent":0,"menu_order":0,"comment_status":"closed","ping_status":"closed","template":"","meta":{"_uag_custom_page_level_css":"","site-sidebar-layout":"default","site-content-layout":"","ast-site-content-layout":"default","site-content-style":"default","site-sidebar-style":"default","ast-global-header-display":"","ast-banner-title-visibility":"","ast-main-header-display":"","ast-hfb-above-header-display":"","ast-hfb-below-header-display":"","ast-hfb-mobile-header-display":"","site-post-title":"","ast-breadcrumbs-content":"","ast-featured-img":"","footer-sml-layout":"","ast-disable-related-posts":"","theme-transparent-header-meta":"","adv-header-id-meta":"","stick-header-meta":"","header-above-stick-meta":"","header-main-stick-meta":"","header-below-stick-meta":"","astra-migrate-meta-layouts":"set","ast-page-background-enabled":"default","ast-page-background-meta":{"desktop":{"background-color":"var(--ast-global-color-4)","background-image":"","background-repeat":"repeat","background-position":"center center","background-size":"auto","background-attachment":"scroll","background-type":"","background-media":"","overlay-type":"","overlay-color":"","overlay-opacity":"","overlay-gradient":""},"tablet":{"background-color":"","background-image":"","background-repeat":"repeat","background-position":"center center","background-size":"auto","background-attachment":"scroll","background-type":"","background-media":"","overlay-type":"","overlay-color":"","overlay-opacity":"","overlay-gradient":""},"mobile":{"background-color":"","background-image":"","background-repeat":"repeat","background-position":"center center","background-size":"auto","background-attachment":"scroll","background-type":"","background-media":"","overlay-type":"","overlay-color":"","overlay-opacity":"","overlay-gradient":""}},"ast-content-background-meta":{"desktop":{"background-color":"var(--ast-global-color-5)","background-image":"","background-repeat":"repeat","background-position":"center center","background-size":"auto","background-attachment":"scroll","background-type":"","background-media":"","overlay-type":"","overlay-color":"","overlay-opacity":"","overlay-gradient":""},"tablet":{"background-color":"var(--ast-global-color-5)","background-image":"","background-repeat":"repeat","background-position":"center center","background-size":"auto","background-attachment":"scroll","background-type":"","background-media":"","overlay-type":"","overlay-color":"","overlay-opacity":"","overlay-gradient":""},"mobile":{"background-color":"var(--ast-global-color-5)","background-image":"","background-repeat":"repeat","background-position":"center center","background-size":"auto","background-attachment":"scroll","background-type":"","background-media":"","overlay-type":"","overlay-color":"","overlay-opacity":"","overlay-gradient":""}},"footnotes":""},"class_list":["post-68","page","type-page","status-publish","has-post-thumbnail","hentry"],"uagb_featured_image_src":{"full":["https:\/\/beide-welten.de\/wp-content\/uploads\/2022\/01\/sap-beratung.jpg",1280,853,false],"thumbnail":["https:\/\/beide-welten.de\/wp-content\/uploads\/2022\/01\/sap-beratung-150x150.jpg",150,150,true],"medium":["https:\/\/beide-welten.de\/wp-content\/uploads\/2022\/01\/sap-beratung-300x200.jpg",300,200,true],"medium_large":["https:\/\/beide-welten.de\/wp-content\/uploads\/2022\/01\/sap-beratung-768x512.jpg",768,512,true],"large":["https:\/\/beide-welten.de\/wp-content\/uploads\/2022\/01\/sap-beratung-1024x682.jpg",1024,682,true],"1536x1536":["https:\/\/beide-welten.de\/wp-content\/uploads\/2022\/01\/sap-beratung.jpg",1280,853,false],"2048x2048":["https:\/\/beide-welten.de\/wp-content\/uploads\/2022\/01\/sap-beratung.jpg",1280,853,false],"trp-custom-language-flag":["https:\/\/beide-welten.de\/wp-content\/uploads\/2022\/01\/sap-beratung-18x12.jpg",18,12,true]},"uagb_author_info":{"display_name":"admin","author_link":"https:\/\/beide-welten.de\/en\/author\/admin\/"},"uagb_comment_info":0,"uagb_excerpt":"Nach 20 Jahren eigener Beratungst\u00e4tigkeit und selbst organisiserter Projektunterst\u00fctzung mit erfahrenen Kollegen habe ich beides im Jahre 2019 aufgegeben. F\u00fcr die gemachten Erfahrungen und die vielen menschlichen und teilweise andauernden Kontakte bin ich sehr dankbar. Vielen Dank an der Stelle an alljene, die mir auf diesem Weg begegnet sind und den Orten die sich aufgrund&hellip;","_links":{"self":[{"href":"https:\/\/beide-welten.de\/en\/wp-json\/wp\/v2\/pages\/68","targetHints":{"allow":["GET"]}}],"collection":[{"href":"https:\/\/beide-welten.de\/en\/wp-json\/wp\/v2\/pages"}],"about":[{"href":"https:\/\/beide-welten.de\/en\/wp-json\/wp\/v2\/types\/page"}],"author":[{"embeddable":true,"href":"https:\/\/beide-welten.de\/en\/wp-json\/wp\/v2\/users\/1"}],"replies":[{"embeddable":true,"href":"https:\/\/beide-welten.de\/en\/wp-json\/wp\/v2\/comments?post=68"}],"version-history":[{"count":32,"href":"https:\/\/beide-welten.de\/en\/wp-json\/wp\/v2\/pages\/68\/revisions"}],"predecessor-version":[{"id":1538,"href":"https:\/\/beide-welten.de\/en\/wp-json\/wp\/v2\/pages\/68\/revisions\/1538"}],"wp:featuredmedia":[{"embeddable":true,"href":"https:\/\/beide-welten.de\/en\/wp-json\/wp\/v2\/media\/377"}],"wp:attachment":[{"href":"https:\/\/beide-welten.de\/en\/wp-json\/wp\/v2\/media?parent=68"}],"curies":[{"name":"wp","href":"https:\/\/api.w.org\/{rel}","templated":true}]}}