{"id":69,"date":"2022-01-10T17:07:44","date_gmt":"2022-01-10T16:07:44","guid":{"rendered":"http:\/\/beide-welten.de\/?page_id=69"},"modified":"2025-03-24T12:40:32","modified_gmt":"2025-03-24T11:40:32","slug":"schnupperstunde","status":"publish","type":"page","link":"https:\/\/beide-welten.de\/en\/schnupperstunde\/","title":{"rendered":"Free trial"},"content":{"rendered":"<h3 class=\"wp-block-heading alignwide\">Was erwartet Dich?<\/h3>\n\n\n\n<p>Beim kostenlosen Reinschnuppern geht es um Dich und Deine Fragen. Es ist ein individuelles Gespr\u00e4ch mit dem Ziel mehr Klarheit in Dein Vorhaben zu bringen. Es soll kl\u00e4ren wie Du anfangen kannst. Wie es weitergeht. Wie lange alles dauert. Unser 30-min\u00fctiges Reinschnuppern ist der perfekte Einstiegspunkt um Deine ersten Fragen zu beantworten.<\/p>\n\n\n\n<p>Melde Dich hier f\u00fcr Dein kostenloses 30.Minuten-Schnuppergespr\u00e4ch an! Es findet 3x pro Woche, Montag-, Mittwoch- und Freitagvormittag zwischen 9 und 11 Uhr statt. <\/p>\n\n\n\n<div class=\"wp-block-buttons alignwide is-layout-flex wp-block-buttons-is-layout-flex\">\n<div class=\"wp-block-button\"><a class=\"wp-block-button__link wp-element-button\" href=\"mailto:mail@beide-welten.de\">write email<\/a><\/div>\n<\/div>","protected":false},"excerpt":{"rendered":"<p>Was erwartet Dich? Beim kostenlosen Reinschnuppern geht es um Dich und Deine Fragen. Es ist ein individuelles Gespr\u00e4ch mit dem Ziel mehr Klarheit in Dein Vorhaben zu bringen. Es soll kl\u00e4ren wie Du anfangen kannst. Wie es weitergeht. Wie lange alles dauert. Unser 30-min\u00fctiges Reinschnuppern ist der perfekte Einstiegspunkt um Deine ersten Fragen zu beantworten. [&hellip;]<\/p>\n","protected":false},"author":1,"featured_media":0,"parent":0,"menu_order":0,"comment_status":"closed","ping_status":"closed","template":"","meta":{"_uag_custom_page_level_css":"","site-sidebar-layout":"default","site-content-layout":"","ast-site-content-layout":"default","site-content-style":"default","site-sidebar-style":"default","ast-global-header-display":"","ast-banner-title-visibility":"","ast-main-header-display":"","ast-hfb-above-header-display":"","ast-hfb-below-header-display":"","ast-hfb-mobile-header-display":"","site-post-title":"","ast-breadcrumbs-content":"","ast-featured-img":"","footer-sml-layout":"","ast-disable-related-posts":"","theme-transparent-header-meta":"","adv-header-id-meta":"","stick-header-meta":"","header-above-stick-meta":"","header-main-stick-meta":"","header-below-stick-meta":"","astra-migrate-meta-layouts":"set","ast-page-background-enabled":"default","ast-page-background-meta":{"desktop":{"background-color":"var(--ast-global-color-4)","background-image":"","background-repeat":"repeat","background-position":"center center","background-size":"auto","background-attachment":"scroll","background-type":"","background-media":"","overlay-type":"","overlay-color":"","overlay-opacity":"","overlay-gradient":""},"tablet":{"background-color":"","background-image":"","background-repeat":"repeat","background-position":"center center","background-size":"auto","background-attachment":"scroll","background-type":"","background-media":"","overlay-type":"","overlay-color":"","overlay-opacity":"","overlay-gradient":""},"mobile":{"background-color":"","background-image":"","background-repeat":"repeat","background-position":"center center","background-size":"auto","background-attachment":"scroll","background-type":"","background-media":"","overlay-type":"","overlay-color":"","overlay-opacity":"","overlay-gradient":""}},"ast-content-background-meta":{"desktop":{"background-color":"var(--ast-global-color-5)","background-image":"","background-repeat":"repeat","background-position":"center center","background-size":"auto","background-attachment":"scroll","background-type":"","background-media":"","overlay-type":"","overlay-color":"","overlay-opacity":"","overlay-gradient":""},"tablet":{"background-color":"var(--ast-global-color-5)","background-image":"","background-repeat":"repeat","background-position":"center center","background-size":"auto","background-attachment":"scroll","background-type":"","background-media":"","overlay-type":"","overlay-color":"","overlay-opacity":"","overlay-gradient":""},"mobile":{"background-color":"var(--ast-global-color-5)","background-image":"","background-repeat":"repeat","background-position":"center center","background-size":"auto","background-attachment":"scroll","background-type":"","background-media":"","overlay-type":"","overlay-color":"","overlay-opacity":"","overlay-gradient":""}},"footnotes":""},"class_list":["post-69","page","type-page","status-publish","hentry"],"uagb_featured_image_src":{"full":false,"thumbnail":false,"medium":false,"medium_large":false,"large":false,"1536x1536":false,"2048x2048":false,"trp-custom-language-flag":false},"uagb_author_info":{"display_name":"admin","author_link":"https:\/\/beide-welten.de\/en\/author\/admin\/"},"uagb_comment_info":0,"uagb_excerpt":"Was erwartet Dich? Beim kostenlosen Reinschnuppern geht es um Dich und Deine Fragen. Es ist ein individuelles Gespr\u00e4ch mit dem Ziel mehr Klarheit in Dein Vorhaben zu bringen. Es soll kl\u00e4ren wie Du anfangen kannst. Wie es weitergeht. Wie lange alles dauert. Unser 30-min\u00fctiges Reinschnuppern ist der perfekte Einstiegspunkt um Deine ersten Fragen zu beantworten.&hellip;","_links":{"self":[{"href":"https:\/\/beide-welten.de\/en\/wp-json\/wp\/v2\/pages\/69","targetHints":{"allow":["GET"]}}],"collection":[{"href":"https:\/\/beide-welten.de\/en\/wp-json\/wp\/v2\/pages"}],"about":[{"href":"https:\/\/beide-welten.de\/en\/wp-json\/wp\/v2\/types\/page"}],"author":[{"embeddable":true,"href":"https:\/\/beide-welten.de\/en\/wp-json\/wp\/v2\/users\/1"}],"replies":[{"embeddable":true,"href":"https:\/\/beide-welten.de\/en\/wp-json\/wp\/v2\/comments?post=69"}],"version-history":[{"count":24,"href":"https:\/\/beide-welten.de\/en\/wp-json\/wp\/v2\/pages\/69\/revisions"}],"predecessor-version":[{"id":1475,"href":"https:\/\/beide-welten.de\/en\/wp-json\/wp\/v2\/pages\/69\/revisions\/1475"}],"wp:attachment":[{"href":"https:\/\/beide-welten.de\/en\/wp-json\/wp\/v2\/media?parent=69"}],"curies":[{"name":"wp","href":"https:\/\/api.w.org\/{rel}","templated":true}]}}