{"id":71,"date":"2022-01-10T17:07:44","date_gmt":"2022-01-10T16:07:44","guid":{"rendered":"http:\/\/beide-welten.de\/?page_id=71"},"modified":"2026-03-25T11:37:42","modified_gmt":"2026-03-25T10:37:42","slug":"meditation","status":"publish","type":"page","link":"https:\/\/beide-welten.de\/en\/meditation\/","title":{"rendered":"Free meditation to perceive both worlds"},"content":{"rendered":"<p class=\"has-text-align-left\">Die n\u00e4chste Meditation findet am 20.05.2026 von 19:00-19:30 Uhr statt.<\/p>\n\n\n\n<div class=\"wp-block-buttons is-layout-flex wp-block-buttons-is-layout-flex\">\n<div class=\"wp-block-button\"><a class=\"wp-block-button__link has-text-align-left wp-element-button\" href=\"mailto:mail@beide-welten.de\">write email<\/a><\/div>\n<\/div>\n\n\n\n<p>Dein unendliches Sein ist bedingungslose Liebe, stetiger Frieden, unendliche F\u00fclle, pure Gl\u00fcckseligkeit und reine Freude. Das ist alles bereits da, nur viele \u00fcbersehen es leider mehr oder weniger im Alltag.<\/p>\n\n\n\n<p>Bei den Meditationen verbinden wir uns bewusst mit unserem unendlichen Sein um es st\u00e4rker in den Alltag zu integrieren.<\/p>\n\n\n\n<p><\/p>","protected":false},"excerpt":{"rendered":"<p>Die n\u00e4chste Meditation findet am 20.05.2026 von 19:00-19:30 Uhr statt. Dein unendliches Sein ist bedingungslose Liebe, stetiger Frieden, unendliche F\u00fclle, pure Gl\u00fcckseligkeit und reine Freude. Das ist alles bereits da, nur viele \u00fcbersehen es leider mehr oder weniger im Alltag. Bei den Meditationen verbinden wir uns bewusst mit unserem unendlichen Sein um es st\u00e4rker in [&hellip;]<\/p>\n","protected":false},"author":1,"featured_media":0,"parent":0,"menu_order":0,"comment_status":"closed","ping_status":"closed","template":"","meta":{"_uag_custom_page_level_css":"","site-sidebar-layout":"default","site-content-layout":"","ast-site-content-layout":"default","site-content-style":"default","site-sidebar-style":"default","ast-global-header-display":"","ast-banner-title-visibility":"","ast-main-header-display":"","ast-hfb-above-header-display":"","ast-hfb-below-header-display":"","ast-hfb-mobile-header-display":"","site-post-title":"","ast-breadcrumbs-content":"","ast-featured-img":"","footer-sml-layout":"","ast-disable-related-posts":"","theme-transparent-header-meta":"","adv-header-id-meta":"","stick-header-meta":"","header-above-stick-meta":"","header-main-stick-meta":"","header-below-stick-meta":"","astra-migrate-meta-layouts":"set","ast-page-background-enabled":"default","ast-page-background-meta":{"desktop":{"background-color":"var(--ast-global-color-4)","background-image":"","background-repeat":"repeat","background-position":"center center","background-size":"auto","background-attachment":"scroll","background-type":"","background-media":"","overlay-type":"","overlay-color":"","overlay-opacity":"","overlay-gradient":""},"tablet":{"background-color":"","background-image":"","background-repeat":"repeat","background-position":"center center","background-size":"auto","background-attachment":"scroll","background-type":"","background-media":"","overlay-type":"","overlay-color":"","overlay-opacity":"","overlay-gradient":""},"mobile":{"background-color":"","background-image":"","background-repeat":"repeat","background-position":"center center","background-size":"auto","background-attachment":"scroll","background-type":"","background-media":"","overlay-type":"","overlay-color":"","overlay-opacity":"","overlay-gradient":""}},"ast-content-background-meta":{"desktop":{"background-color":"var(--ast-global-color-5)","background-image":"","background-repeat":"repeat","background-position":"center center","background-size":"auto","background-attachment":"scroll","background-type":"","background-media":"","overlay-type":"","overlay-color":"","overlay-opacity":"","overlay-gradient":""},"tablet":{"background-color":"var(--ast-global-color-5)","background-image":"","background-repeat":"repeat","background-position":"center center","background-size":"auto","background-attachment":"scroll","background-type":"","background-media":"","overlay-type":"","overlay-color":"","overlay-opacity":"","overlay-gradient":""},"mobile":{"background-color":"var(--ast-global-color-5)","background-image":"","background-repeat":"repeat","background-position":"center center","background-size":"auto","background-attachment":"scroll","background-type":"","background-media":"","overlay-type":"","overlay-color":"","overlay-opacity":"","overlay-gradient":""}},"footnotes":""},"class_list":["post-71","page","type-page","status-publish","hentry"],"uagb_featured_image_src":{"full":false,"thumbnail":false,"medium":false,"medium_large":false,"large":false,"1536x1536":false,"2048x2048":false,"trp-custom-language-flag":false},"uagb_author_info":{"display_name":"admin","author_link":"https:\/\/beide-welten.de\/en\/author\/admin\/"},"uagb_comment_info":0,"uagb_excerpt":"Die n\u00e4chste Meditation findet am 20.05.2026 von 19:00-19:30 Uhr statt. Dein unendliches Sein ist bedingungslose Liebe, stetiger Frieden, unendliche F\u00fclle, pure Gl\u00fcckseligkeit und reine Freude. Das ist alles bereits da, nur viele \u00fcbersehen es leider mehr oder weniger im Alltag. Bei den Meditationen verbinden wir uns bewusst mit unserem unendlichen Sein um es st\u00e4rker in&hellip;","_links":{"self":[{"href":"https:\/\/beide-welten.de\/en\/wp-json\/wp\/v2\/pages\/71","targetHints":{"allow":["GET"]}}],"collection":[{"href":"https:\/\/beide-welten.de\/en\/wp-json\/wp\/v2\/pages"}],"about":[{"href":"https:\/\/beide-welten.de\/en\/wp-json\/wp\/v2\/types\/page"}],"author":[{"embeddable":true,"href":"https:\/\/beide-welten.de\/en\/wp-json\/wp\/v2\/users\/1"}],"replies":[{"embeddable":true,"href":"https:\/\/beide-welten.de\/en\/wp-json\/wp\/v2\/comments?post=71"}],"version-history":[{"count":82,"href":"https:\/\/beide-welten.de\/en\/wp-json\/wp\/v2\/pages\/71\/revisions"}],"predecessor-version":[{"id":1580,"href":"https:\/\/beide-welten.de\/en\/wp-json\/wp\/v2\/pages\/71\/revisions\/1580"}],"wp:attachment":[{"href":"https:\/\/beide-welten.de\/en\/wp-json\/wp\/v2\/media?parent=71"}],"curies":[{"name":"wp","href":"https:\/\/api.w.org\/{rel}","templated":true}]}}