{"id":73,"date":"2022-01-10T17:07:44","date_gmt":"2022-01-10T16:07:44","guid":{"rendered":"http:\/\/beide-welten.de\/?page_id=73"},"modified":"2026-04-09T10:40:13","modified_gmt":"2026-04-09T08:40:13","slug":"startseite","status":"publish","type":"page","link":"https:\/\/beide-welten.de\/en\/","title":{"rendered":"Home"},"content":{"rendered":"\n<div class=\"wp-block-cover alignfull special-header wp-duotone-unset-2\" style=\"padding-top:0;padding-bottom:0;min-height:100vh;aspect-ratio:unset;\"><video class=\"wp-block-cover__video-background intrinsic-ignore\" autoplay muted loop playsinline src=\"https:\/\/beide-welten.de\/wp-content\/uploads\/2023\/07\/Video-Wolken-Time-Lapse-Clouds-MP4.mp4\" data-object-fit=\"cover\"><\/video><span aria-hidden=\"true\" class=\"wp-block-cover__background has-background-dim\"><\/span><div class=\"wp-block-cover__inner-container is-layout-flow wp-container-core-cover-is-layout-3c2617ec wp-block-cover-is-layout-flow\"><div aria-hidden=\"true\" style=\"display:none;\">DU BIST SO VIEL MEHR<\/div>\r\n<div class=\"align wp-block-atb-animated-text\" id='atbAnimatedText-1' data-attributes='{&quot;loop&quot;:false,&quot;inEffect&quot;:&quot;fadeInDownBig&quot;,&quot;outEffect&quot;:&quot;bounceOutUp&quot;,&quot;content&quot;:&quot;DU BIST SO VIEL MEHR&quot;,&quot;typography&quot;:{&quot;fontSize&quot;:{&quot;desktop&quot;:46,&quot;tablet&quot;:46,&quot;mobile&quot;:46},&quot;isUploadFont&quot;:true,&quot;fontFamily&quot;:&quot;Finger Paint&quot;,&quot;fontCategory&quot;:&quot;display&quot;,&quot;fontWeight&quot;:400,&quot;fontVariant&quot;:400},&quot;color&quot;:&quot;var(--ast-global-color-6)&quot;,&quot;padding&quot;:{&quot;vertical&quot;:&quot;60px&quot;,&quot;horizontal&quot;:&quot;15px&quot;},&quot;border&quot;:{&quot;radius&quot;:&quot;0px&quot;,&quot;side&quot;:&quot;bottom&quot;,&quot;color&quot;:&quot;var(--ast-global-color-6)&quot;,&quot;width&quot;:&quot;2px&quot;},&quot;align&quot;:&quot;&quot;,&quot;options&quot;:{&quot;theme&quot;:&quot;default&quot;},&quot;prefixText&quot;:&quot;&quot;,&quot;suffixText&quot;:&quot;&quot;,&quot;animateIn&quot;:&quot;char&quot;,&quot;inSequence&quot;:&quot;default&quot;,&quot;outSequence&quot;:&quot;shuffle&quot;,&quot;alignment&quot;:&quot;center&quot;,&quot;textAlign&quot;:&quot;center&quot;,&quot;background&quot;:{&quot;color&quot;:&quot;#0000&quot;},&quot;textAlignment&quot;:&quot;center&quot;,&quot;prefixTypo&quot;:{&quot;fontSize&quot;:{&quot;desktop&quot;:22,&quot;tablet&quot;:20,&quot;mobile&quot;:18}},&quot;prefixColor&quot;:&quot;#000&quot;,&quot;suffixTypo&quot;:{&quot;fontSize&quot;:{&quot;desktop&quot;:22,&quot;tablet&quot;:20,&quot;mobile&quot;:18}},&quot;animatedSize&quot;:{&quot;width&quot;:{&quot;desktop&quot;:&quot;100%&quot;,&quot;tablet&quot;:&quot;&quot;,&quot;mobile&quot;:&quot;&quot;},&quot;height&quot;:{&quot;desktop&quot;:&quot;500px&quot;,&quot;tablet&quot;:&quot;&quot;,&quot;mobile&quot;:&quot;&quot;}},&quot;repeat&quot;:true,&quot;gsapAnimation&quot;:{&quot;animationSpeed&quot;:30,&quot;perspectiveDepth&quot;:500,&quot;enableOscillation&quot;:true,&quot;repeatBehavior&quot;:-1,&quot;repeatDelay&quot;:2,&quot;animationEffect&quot;:&quot;default&quot;,&quot;autoRepeat&quot;:true,&quot;transformOrigin&quot;:400,&quot;randomColor&quot;:false,&quot;isTextShadow&quot;:false,&quot;textShadow&quot;:[{&quot;blur&quot;:&quot;19px&quot;,&quot;color&quot;:&quot;rgba(39, 195, 130, 1)&quot;,&quot;hOffset&quot;:&quot;4px&quot;,&quot;isInset&quot;:false,&quot;spreed&quot;:&quot;0px&quot;,&quot;vOffset&quot;:&quot;1px&quot;}],&quot;fontStretch&quot;:&quot;200%&quot;,&quot;animationDuration&quot;:1,&quot;waveEffect&quot;:25,&quot;easeType&quot;:&quot;elastic(0.3, 0.2)&quot;,&quot;scaleX&quot;:1.5,&quot;scaleY&quot;:0.2,&quot;typingSpeed&quot;:100,&quot;reStartTime&quot;:1000,&quot;animateType&quot;:&quot;glitch&quot;},&quot;TrpContentRestriction&quot;:{&quot;restriction_type&quot;:&quot;exclude&quot;,&quot;selected_languages&quot;:[],&quot;panel_open&quot;:true}}' data-ispremium=''><\/div>\n\n\n<div class=\"wp-block-group is-layout-constrained wp-container-core-group-is-layout-e9b1e06a wp-block-group-is-layout-constrained\">\n<h2 class=\"wp-block-heading has-text-align-center has-ast-global-color-5-color has-text-color has-link-color has-large-font-size wp-elements-ca4536550c6d9ba5a07dc26ccbe4327a\" style=\"line-height:1.6\">Kostenlose Meditation zur Wahrnehmung Deiner Natur<\/h2>\n\n\n\n<p class=\"has-text-align-center has-ast-global-color-5-color has-text-color has-link-color has-medium-font-size wp-elements-616e200e7278c010b5a16634960166d3\" style=\"line-height:1.5\">am 20.05.2026<\/p>\n\n\n\n<div class=\"wp-block-uagb-buttons uagb-buttons__outer-wrap uagb-btn__default-btn uagb-btn-tablet__default-btn uagb-btn-mobile__default-btn uagb-block-c9e395fc\"><div class=\"uagb-buttons__wrap uagb-buttons-layout-wrap \">\n<div class=\"wp-block-uagb-buttons-child uagb-buttons__outer-wrap uagb-block-15035082 wp-block-button\"><div class=\"uagb-button__wrapper\"><a class=\"uagb-buttons-repeater wp-block-button__link\" aria-label=\"\" href=\"\/meditation\" rel=\"follow noopener\" target=\"_self\" role=\"button\"><span class=\"uagb-button__icon uagb-button__icon-position-before\"><svg xmlns=\"https:\/\/www.w3.org\/2000\/svg\" viewBox=\"0 0 512 512\" aria-hidden=\"true\" focussable=\"false\"><path d=\"M256 0C114.6 0 0 114.6 0 256s114.6 256 256 256s256-114.6 256-256S397.4 0 256 0zM256 128c17.67 0 32 14.33 32 32c0 17.67-14.33 32-32 32S224 177.7 224 160C224 142.3 238.3 128 256 128zM296 384h-80C202.8 384 192 373.3 192 360s10.75-24 24-24h16v-64H224c-13.25 0-24-10.75-24-24S210.8 224 224 224h32c13.25 0 24 10.75 24 24v88h16c13.25 0 24 10.75 24 24S309.3 384 296 384z\"><\/path><\/svg><\/span><div class=\"uagb-button__link\">Weitere Infos<\/div><\/a><\/div><\/div>\n\n\n\n<div class=\"wp-block-uagb-buttons-child uagb-buttons__outer-wrap uagb-block-bd746b28 wp-block-button\"><div class=\"uagb-button__wrapper\"><a class=\"uagb-buttons-repeater wp-block-button__link\" aria-label=\"\" href=\"mailto:mail@beide-welten.de?subject=Anmeldung zur Meditation am 20.05.2026&amp;body=Liebes Team von Beide Welten,  %0D%0A %0D%0A hiermit m\u00f6chte  ich mich zur Meditation am 20.05.2026 anmelden. %0D%0A  %0D%0A %0D%0A Viele Gr\u00fc\u00dfe\" rel=\"follow noopener\" target=\"_self\" role=\"button\"><div class=\"uagb-button__link\">Per Mail Anmelden<\/div><span class=\"uagb-button__icon uagb-button__icon-position-after\"><svg xmlns=\"https:\/\/www.w3.org\/2000\/svg\" viewBox=\"0 0 512 512\" aria-hidden=\"true\" focussable=\"false\"><path d=\"M511.6 36.86l-64 415.1c-1.5 9.734-7.375 18.22-15.97 23.05c-4.844 2.719-10.27 4.097-15.68 4.097c-4.188 0-8.319-.8154-12.29-2.472l-122.6-51.1l-50.86 76.29C226.3 508.5 219.8 512 212.8 512C201.3 512 192 502.7 192 491.2v-96.18c0-7.115 2.372-14.03 6.742-19.64L416 96l-293.7 264.3L19.69 317.5C8.438 312.8 .8125 302.2 .0625 289.1s5.469-23.72 16.06-29.77l448-255.1c10.69-6.109 23.88-5.547 34 1.406S513.5 24.72 511.6 36.86z\"><\/path><\/svg><\/span><\/a><\/div><\/div>\n<\/div><\/div>\n<\/div>\n<\/div><\/div>\n\n\n\n<div style=\"height:80px\" aria-hidden=\"true\" class=\"wp-block-spacer\"><\/div>\n\n\n\n<div class=\"inherit-container-width wp-block-group is-layout-constrained wp-block-group-is-layout-constrained\">\n<h3 class=\"wp-block-heading has-text-align-center has-large-font-size\" id=\"mochtest-du-deine-bestimmung-leben\"><a href=\"http:\/\/beide-welten.de\/leben-in-beiden-welten\/\">Herzlich Willkommen!<\/a><\/h3>\n\n\n\n<p class=\"has-text-align-center has-medium-font-size\"><a href=\"http:\/\/beide-welten.de\/leben-in-beiden-welten\/\"><strong>Willst Du <\/strong>Dein Leben <\/a><strong><a href=\"http:\/\/beide-welten.de\/leben-in-beiden-welten\/\"><strong>selbst bestimmen<\/strong><\/a><\/strong><a href=\"http:\/\/beide-welten.de\/leben-in-beiden-welten\/\"><strong>?  <\/strong><\/a><br><a href=\"http:\/\/beide-welten.de\/leben-in-beiden-welten\/\"><br>Hier geht es um die <em>Wahrnehmung<\/em> Deiner Natur aus K\u00f6rper, Geist und Seele. <\/a><br><a href=\"http:\/\/beide-welten.de\/leben-in-beiden-welten\/\">Um die Neuerweckung gelebter menschlicher Intelligenz mit Liebe und Mitgef\u00fchl. <\/a><br><a href=\"http:\/\/beide-welten.de\/leben-in-beiden-welten\/\"><br>Im besten Fall geht es um die <em>Integration<\/em> Deiner Natur ins Leben wodurch Frieden entsteht. <\/a><br><\/p>\n\n\n\n<p><\/p>\n<\/div>\n\n\n\n<div class=\"inherit-container-width wp-block-group is-layout-constrained wp-block-group-is-layout-constrained\"><\/div>\n\n\n\n<div class=\"inherit-container-width wp-block-group alignfull has-ast-global-color-1-background-color has-background is-layout-constrained wp-block-group-is-layout-constrained\">\n<h3 class=\"wp-block-heading has-ast-global-color-2-color has-text-color\" id=\"dein-guide\"><\/h3>\n\n\n\n<h2 class=\"wp-block-heading has-ast-global-color-5-color has-text-color has-x-large-font-size\" id=\"leben-in-beiden-welten\">Kostenlose Angebote<\/h2>\n\n\n\n\t\t\t<div class=\"wp-block-uagb-post-grid uagb-post-grid  uagb-post__image-position-top uagb-post__image-enabled uagb-block-d6ac963f     uagb-post__items uagb-post__columns-0 is-grid uagb-post__columns-tablet-2 uagb-post__columns-mobile-1\" data-total=\"1\" style=\"\">\n\n\t\t\t\t\t\t\t\t\t\t\t\t<article class=\"uagb-post__inner-wrap\">\t\t\t\t\t\t\t\t<div class='uagb-post__image'>\n\t\t\t\t\t\t\t\t\t<a href=\"https:\/\/beide-welten.de\/en\/beratung\/\" target=\"_self\" rel=\"bookmark noopener noreferrer\" class='uagb-image-ratio-inherit'><img loading=\"lazy\" decoding=\"async\" width=\"1024\" height=\"628\" src=\"https:\/\/beide-welten.de\/wp-content\/uploads\/2022\/01\/beratung-1024x628.jpg\" class=\"attachment-large size-large\" alt=\"\" srcset=\"https:\/\/beide-welten.de\/wp-content\/uploads\/2022\/01\/beratung-1024x628.jpg 1024w, https:\/\/beide-welten.de\/wp-content\/uploads\/2022\/01\/beratung-600x368.jpg 600w, https:\/\/beide-welten.de\/wp-content\/uploads\/2022\/01\/beratung-300x184.jpg 300w, https:\/\/beide-welten.de\/wp-content\/uploads\/2022\/01\/beratung-768x471.jpg 768w, https:\/\/beide-welten.de\/wp-content\/uploads\/2022\/01\/beratung-1536x942.jpg 1536w, https:\/\/beide-welten.de\/wp-content\/uploads\/2022\/01\/beratung.jpg 1920w\" sizes=\"auto, (max-width: 1024px) 100vw, 1024px\" \/>\t\t\t\t\t<\/a>\n\t\t\t\t\t\t\t<\/div>\n\t\t\t\t\t\t<h4 class=\"uagb-post__title uagb-post__text\">\n\t\t\t\t<a href=\"https:\/\/beide-welten.de\/en\/beratung\/\" target=\"_self\" rel=\"bookmark noopener noreferrer\">Kostenlose Meditation zur Integration beider Welten<\/a>\n\t\t\t<\/h4>\n\t\t\t\t\t\t<div class='uagb-post__text uagb-post-grid-byline'>\n\t\t\t\t\t\t\t<\/div>\n\t\t\t\t\t\t\t<div class='uagb-post__text uagb-post__excerpt'>\n\t\t\t\t\t<p>Jemand, der beides lebt, kann es in Meditationen weitergeben .Das Ziel st es das eigene&#8230;\t\t\t\t<\/div>\n\t\t\t\t\t\t<div class=\"uagb-post__text uagb-post__cta wp-block-button\">\n\t\t\t\t<a class=\"wp-block-button__link uagb-text-link\" style=\"\" href=\"https:\/\/beide-welten.de\/en\/beratung\/\" target=\"_self\" rel=\"bookmark noopener noreferrer\">Read More<\/a>\n\t\t\t<\/div>\n\t\t\t\n\t\t\t\t\t\t\t\t\t<\/article>\n\t\t\t\t\t\t\t\t\t\t\t<\/div>\n\t\t\t\n\n\n<p><\/p>\n<\/div>\n","protected":false},"excerpt":{"rendered":"<p>Herzlich Willkommen! Willst Du Dein Leben selbst bestimmen? Hier geht es um die Wahrnehmung Deiner Natur aus K\u00f6rper, Geist und Seele. Um die Neuerweckung gelebter menschlicher Intelligenz mit Liebe und Mitgef\u00fchl. Im besten Fall geht es um die Integration Deiner Natur ins Leben wodurch Frieden entsteht. Kostenlose Angebote<\/p>","protected":false},"author":1,"featured_media":0,"parent":0,"menu_order":0,"comment_status":"closed","ping_status":"closed","template":"","meta":{"_uag_custom_page_level_css":"","site-sidebar-layout":"default","site-content-layout":"","ast-site-content-layout":"default","site-content-style":"default","site-sidebar-style":"default","ast-global-header-display":"","ast-banner-title-visibility":"","ast-main-header-display":"","ast-hfb-above-header-display":"","ast-hfb-below-header-display":"","ast-hfb-mobile-header-display":"","site-post-title":"disabled","ast-breadcrumbs-content":"","ast-featured-img":"","footer-sml-layout":"","ast-disable-related-posts":"","theme-transparent-header-meta":"default","adv-header-id-meta":"","stick-header-meta":"","header-above-stick-meta":"","header-main-stick-meta":"","header-below-stick-meta":"","astra-migrate-meta-layouts":"set","ast-page-background-enabled":"default","ast-page-background-meta":{"desktop":{"background-color":"var(--ast-global-color-4)","background-image":"","background-repeat":"repeat","background-position":"center center","background-size":"auto","background-attachment":"scroll","background-type":"","background-media":"","overlay-type":"","overlay-color":"","overlay-opacity":"","overlay-gradient":""},"tablet":{"background-color":"","background-image":"","background-repeat":"repeat","background-position":"center center","background-size":"auto","background-attachment":"scroll","background-type":"","background-media":"","overlay-type":"","overlay-color":"","overlay-opacity":"","overlay-gradient":""},"mobile":{"background-color":"","background-image":"","background-repeat":"repeat","background-position":"center center","background-size":"auto","background-attachment":"scroll","background-type":"","background-media":"","overlay-type":"","overlay-color":"","overlay-opacity":"","overlay-gradient":""}},"ast-content-background-meta":{"desktop":{"background-color":"var(--ast-global-color-5)","background-image":"","background-repeat":"repeat","background-position":"center center","background-size":"auto","background-attachment":"scroll","background-type":"","background-media":"","overlay-type":"","overlay-color":"","overlay-opacity":"","overlay-gradient":""},"tablet":{"background-color":"var(--ast-global-color-5)","background-image":"","background-repeat":"repeat","background-position":"center center","background-size":"auto","background-attachment":"scroll","background-type":"","background-media":"","overlay-type":"","overlay-color":"","overlay-opacity":"","overlay-gradient":""},"mobile":{"background-color":"var(--ast-global-color-5)","background-image":"","background-repeat":"repeat","background-position":"center center","background-size":"auto","background-attachment":"scroll","background-type":"","background-media":"","overlay-type":"","overlay-color":"","overlay-opacity":"","overlay-gradient":""}},"footnotes":""},"class_list":["post-73","page","type-page","status-publish","hentry"],"uagb_featured_image_src":{"full":false,"thumbnail":false,"medium":false,"medium_large":false,"large":false,"1536x1536":false,"2048x2048":false,"trp-custom-language-flag":false},"uagb_author_info":{"display_name":"admin","author_link":"https:\/\/beide-welten.de\/en\/author\/admin\/"},"uagb_comment_info":0,"uagb_excerpt":"Herzlich Willkommen! Willst Du Dein Leben selbst bestimmen? Hier geht es um die Wahrnehmung Deiner Natur aus K\u00f6rper, Geist und Seele. Um die Neuerweckung gelebter menschlicher Intelligenz mit Liebe und Mitgef\u00fchl. Im besten Fall geht es um die Integration Deiner Natur ins Leben wodurch Frieden entsteht. Kostenlose Angebote","_links":{"self":[{"href":"https:\/\/beide-welten.de\/en\/wp-json\/wp\/v2\/pages\/73","targetHints":{"allow":["GET"]}}],"collection":[{"href":"https:\/\/beide-welten.de\/en\/wp-json\/wp\/v2\/pages"}],"about":[{"href":"https:\/\/beide-welten.de\/en\/wp-json\/wp\/v2\/types\/page"}],"author":[{"embeddable":true,"href":"https:\/\/beide-welten.de\/en\/wp-json\/wp\/v2\/users\/1"}],"replies":[{"embeddable":true,"href":"https:\/\/beide-welten.de\/en\/wp-json\/wp\/v2\/comments?post=73"}],"version-history":[{"count":234,"href":"https:\/\/beide-welten.de\/en\/wp-json\/wp\/v2\/pages\/73\/revisions"}],"predecessor-version":[{"id":1591,"href":"https:\/\/beide-welten.de\/en\/wp-json\/wp\/v2\/pages\/73\/revisions\/1591"}],"wp:attachment":[{"href":"https:\/\/beide-welten.de\/en\/wp-json\/wp\/v2\/media?parent=73"}],"curies":[{"name":"wp","href":"https:\/\/api.w.org\/{rel}","templated":true}]}}